{"id":8,"date":"2015-12-01T19:41:52","date_gmt":"2015-12-01T18:41:52","guid":{"rendered":"http:\/\/mh.jamul.koeln\/?page_id=8"},"modified":"2022-11-15T19:31:35","modified_gmt":"2022-11-15T18:31:35","slug":"anfahrt","status":"publish","type":"page","link":"https:\/\/hausarzt-heuser.de\/koeln\/anfahrt\/","title":{"rendered":"Anfahrt"},"content":{"rendered":"<h3><span style=\"color: #97233f;\"><strong>Milos Heuser<\/strong><\/span><br \/>\n<span style=\"color: #739abc;\">Facharzt f\u00fcr Allgemeinmedizin<\/span><br \/>\n<span style=\"color: #97233f;\">Hardtstr. 40<\/span><\/h3>\n<p><span style=\"color: #97233f;\">50939 K\u00f6ln<\/span><br \/>\n<span style=\"color: #97233f;\">Telefon: 0221 \/\u00a041 50 62<\/span><br \/>\n<span style=\"color: #97233f;\">Telefax: 0221 \/\u00a044 85 73<\/span><\/p>\n<p><strong><span style=\"color: #739abc;\">Wegbeschreibung<br \/>\n<\/span><\/strong>\u00dcber den <a href=\"https:\/\/goo.gl\/maps\/biqMattuuQjgvRXMA\">Routenplaner bei Google Maps<\/a> finden Sie ganz schnell zu mir.<\/p>\n<p><span style=\"color: #739abc;\"><strong>\u00d6PNV<\/strong><\/span><br \/>\n<span style=\"color: #97233f;\">Bahnlinie 18, Haltestelle S\u00fclzburgstr.<\/span><br \/>\n<span style=\"color: #97233f;\">Bahnlinie 13, Haltestelle S\u00fclzg\u00fcrtel<\/span><br \/>\n<span style=\"color: #97233f;\">Bus 130 Haltestelle S\u00fclzg\u00fcrtel oder<\/span><br \/>\n<span style=\"color: #97233f;\">Bus 131 Haltestelle S\u00fclzburgstr.<\/span><\/p>\n<p><span style=\"color: #739abc;\"><strong>PKW<\/strong><\/span><br \/>\n<span style=\"color: #97233f;\">\u00f6ffentliche\/kostenfreie Parkpl\u00e4tze Hardtstr., Breibergstr., Petersbergstr.<\/span><\/p>\n<figure id=\"attachment_208\" aria-describedby=\"caption-attachment-208\" style=\"width: 300px\" class=\"wp-caption alignleft\"><img loading=\"lazy\" decoding=\"async\" class=\"wp-image-208 size-medium\" src=\"http:\/\/hausarzt-heuser.de\/koeln\/wp-content\/uploads\/2017\/03\/hausfront-e1489161972292-300x209.jpg\" alt=\"\" width=\"300\" height=\"209\" srcset=\"https:\/\/hausarzt-heuser.de\/koeln\/wp-content\/uploads\/2017\/03\/hausfront-e1489161972292-300x209.jpg 300w, https:\/\/hausarzt-heuser.de\/koeln\/wp-content\/uploads\/2017\/03\/hausfront-e1489161972292-768x535.jpg 768w, https:\/\/hausarzt-heuser.de\/koeln\/wp-content\/uploads\/2017\/03\/hausfront-e1489161972292-1024x713.jpg 1024w\" sizes=\"auto, (max-width: 300px) 100vw, 300px\" \/><figcaption id=\"caption-attachment-208\" class=\"wp-caption-text\">Die Hausansicht von der Hardtstr. aus gesehen<\/figcaption><\/figure>\n<figure id=\"attachment_142\" aria-describedby=\"caption-attachment-142\" style=\"width: 180px\" class=\"wp-caption alignright\"><img loading=\"lazy\" decoding=\"async\" class=\" wp-image-142\" src=\"http:\/\/hausarzt-heuser.de\/koeln\/wp-content\/uploads\/2015\/12\/bild_13-225x300.jpg\" alt=\"Rechts von der Apotheke befindet sich der Hauseingang\" width=\"180\" height=\"240\" srcset=\"https:\/\/hausarzt-heuser.de\/koeln\/wp-content\/uploads\/2015\/12\/bild_13-225x300.jpg 225w, https:\/\/hausarzt-heuser.de\/koeln\/wp-content\/uploads\/2015\/12\/bild_13-768x1024.jpg 768w, https:\/\/hausarzt-heuser.de\/koeln\/wp-content\/uploads\/2015\/12\/bild_13.jpg 800w\" sizes=\"auto, (max-width: 180px) 100vw, 180px\" \/><figcaption id=\"caption-attachment-142\" class=\"wp-caption-text\">Rechts von der Apotheke befindet sich der Hauseingang<\/figcaption><\/figure>\n","protected":false},"excerpt":{"rendered":"<p>Milos Heuser Facharzt f\u00fcr Allgemeinmedizin Hardtstr. 40 50939 K\u00f6ln Telefon: 0221 \/\u00a041 50 62 Telefax: 0221 \/\u00a044 85 73 Wegbeschreibung \u00dcber den Routenplaner bei Google Maps finden Sie ganz schnell zu mir. \u00d6PNV Bahnlinie 18, Haltestelle S\u00fclzburgstr. Bahnlinie 13, Haltestelle S\u00fclzg\u00fcrtel Bus 130 Haltestelle S\u00fclzg\u00fcrtel oder Bus 131 Haltestelle S\u00fclzburgstr. PKW \u00f6ffentliche\/kostenfreie Parkpl\u00e4tze Hardtstr., Breibergstr., &hellip; <a href=\"https:\/\/hausarzt-heuser.de\/koeln\/anfahrt\/\" class=\"more-link\"><span class=\"screen-reader-text\">Anfahrt<\/span> weiterlesen<\/a><\/p>\n","protected":false},"author":1,"featured_media":0,"parent":0,"menu_order":30,"comment_status":"closed","ping_status":"closed","template":"","meta":{"two_page_speed":[],"footnotes":""},"class_list":["post-8","page","type-page","status-publish","hentry"],"_links":{"self":[{"href":"https:\/\/hausarzt-heuser.de\/koeln\/wp-json\/wp\/v2\/pages\/8","targetHints":{"allow":["GET"]}}],"collection":[{"href":"https:\/\/hausarzt-heuser.de\/koeln\/wp-json\/wp\/v2\/pages"}],"about":[{"href":"https:\/\/hausarzt-heuser.de\/koeln\/wp-json\/wp\/v2\/types\/page"}],"author":[{"embeddable":true,"href":"https:\/\/hausarzt-heuser.de\/koeln\/wp-json\/wp\/v2\/users\/1"}],"replies":[{"embeddable":true,"href":"https:\/\/hausarzt-heuser.de\/koeln\/wp-json\/wp\/v2\/comments?post=8"}],"version-history":[{"count":4,"href":"https:\/\/hausarzt-heuser.de\/koeln\/wp-json\/wp\/v2\/pages\/8\/revisions"}],"predecessor-version":[{"id":424,"href":"https:\/\/hausarzt-heuser.de\/koeln\/wp-json\/wp\/v2\/pages\/8\/revisions\/424"}],"wp:attachment":[{"href":"https:\/\/hausarzt-heuser.de\/koeln\/wp-json\/wp\/v2\/media?parent=8"}],"curies":[{"name":"wp","href":"https:\/\/api.w.org\/{rel}","templated":true}]}}