{"id":45,"date":"2016-12-28T11:11:36","date_gmt":"2016-12-28T10:11:36","guid":{"rendered":"http:\/\/mh.jamul.koeln\/?page_id=45"},"modified":"2016-12-28T11:11:36","modified_gmt":"2016-12-28T10:11:36","slug":"impressum","status":"publish","type":"page","link":"https:\/\/hausarzt-heuser.de\/koeln\/impressum\/","title":{"rendered":"Impressum"},"content":{"rendered":"<h3><span style=\"color: #97233f;\"><strong>Milos Heuser<\/strong><\/span><br \/>\n<span style=\"color: #739abc;\">Facharzt f\u00fcr Allgemeinmedizin<\/span><br \/>\n<span style=\"color: #97233f;\">Hardtstr. 40<\/span><\/h3>\n<p><span style=\"color: #97233f;\">50939 K\u00f6ln<\/span><br \/>\n<span style=\"color: #97233f;\">Telefon: 0221 \/\u00a041 50 62<\/span><br \/>\n<span style=\"color: #97233f;\">Telefax: 0221 \/\u00a044 85 73<\/span><\/p>\n<p><strong>Berufsbezeichung<\/strong><br \/>\nFacharzt f\u00fcr Allgemeinmedizin, erworben in Deutschland<\/p>\n<p><strong>Berufsrechtliche Regelungen<\/strong><br \/>\n\u00c4rztekammer Nordrhein, K\u00f6rperschaft des \u00f6ffentlichen Rechts<br \/>\nTersteegenstr. 9<br \/>\n40474 D\u00fcsseldorf<br \/>\n<a href=\"http:\/\/www.aekno.de\">www.aekno.de<\/a><\/p>\n<p><strong>Zus\u00e4ndige Aufsichtsbeh\u00f6rde<br \/>\n<\/strong>Kassen\u00e4rztliche Vereinigung Nordrhein<br \/>\nTersteegenstra\u00dfe 9<br \/>\n40474 D\u00fcsseldorf<br \/>\n<a href=\"http:\/\/www.kvno.de\">www.kvno.de<\/a><\/p>\n<p><strong>Zust\u00e4ndige Kammer<\/strong><br \/>\n\u00c4rztekammer Nordrhein, K\u00f6rperschaft des \u00f6ffentlichen Rechts<br \/>\nTersteegenstr. 9<br \/>\n40474 D\u00fcsseldorf<br \/>\n<a href=\"http:\/\/www.aekno.de\">www.aekno.de<\/a><\/p>\n<p>&nbsp;<\/p>\n<p><strong>Inhaltlich verantwortlich gem\u00e4\u00df \u00a7 10 Absatz 3 MDStV<br \/>\n<\/strong>Milos Heuser, Anschrift siehe oben<\/p>\n<p>&nbsp;<\/p>\n","protected":false},"excerpt":{"rendered":"<p>Milos Heuser Facharzt f\u00fcr Allgemeinmedizin Hardtstr. 40 50939 K\u00f6ln Telefon: 0221 \/\u00a041 50 62 Telefax: 0221 \/\u00a044 85 73 Berufsbezeichung Facharzt f\u00fcr Allgemeinmedizin, erworben in Deutschland Berufsrechtliche Regelungen \u00c4rztekammer Nordrhein, K\u00f6rperschaft des \u00f6ffentlichen Rechts Tersteegenstr. 9 40474 D\u00fcsseldorf www.aekno.de Zus\u00e4ndige Aufsichtsbeh\u00f6rde Kassen\u00e4rztliche Vereinigung Nordrhein Tersteegenstra\u00dfe 9 40474 D\u00fcsseldorf www.kvno.de Zust\u00e4ndige Kammer \u00c4rztekammer Nordrhein, K\u00f6rperschaft des &hellip; <a href=\"https:\/\/hausarzt-heuser.de\/koeln\/impressum\/\" class=\"more-link\"><span class=\"screen-reader-text\">Impressum<\/span> weiterlesen<\/a><\/p>\n","protected":false},"author":1,"featured_media":0,"parent":0,"menu_order":49,"comment_status":"closed","ping_status":"closed","template":"","meta":{"two_page_speed":[],"footnotes":""},"class_list":["post-45","page","type-page","status-publish","hentry"],"_links":{"self":[{"href":"https:\/\/hausarzt-heuser.de\/koeln\/wp-json\/wp\/v2\/pages\/45","targetHints":{"allow":["GET"]}}],"collection":[{"href":"https:\/\/hausarzt-heuser.de\/koeln\/wp-json\/wp\/v2\/pages"}],"about":[{"href":"https:\/\/hausarzt-heuser.de\/koeln\/wp-json\/wp\/v2\/types\/page"}],"author":[{"embeddable":true,"href":"https:\/\/hausarzt-heuser.de\/koeln\/wp-json\/wp\/v2\/users\/1"}],"replies":[{"embeddable":true,"href":"https:\/\/hausarzt-heuser.de\/koeln\/wp-json\/wp\/v2\/comments?post=45"}],"version-history":[{"count":0,"href":"https:\/\/hausarzt-heuser.de\/koeln\/wp-json\/wp\/v2\/pages\/45\/revisions"}],"wp:attachment":[{"href":"https:\/\/hausarzt-heuser.de\/koeln\/wp-json\/wp\/v2\/media?parent=45"}],"curies":[{"name":"wp","href":"https:\/\/api.w.org\/{rel}","templated":true}]}}