{"id":35,"date":"2016-01-08T16:45:27","date_gmt":"2016-01-08T15:45:27","guid":{"rendered":"http:\/\/mh.jamul.koeln\/?page_id=35"},"modified":"2019-07-09T20:15:29","modified_gmt":"2019-07-09T19:15:29","slug":"unser-team","status":"publish","type":"page","link":"https:\/\/hausarzt-heuser.de\/koeln\/unser-team\/","title":{"rendered":"Portr\u00e4t \/ Team"},"content":{"rendered":"<p><code><!-- imagelinks begin -->\n<div id=\"imgl-1-5jrmq\" class=\"imgl-map imgl-map-1 \"data-json-src=\"https:\/\/hausarzt-heuser.de\/koeln\/wp-content\/uploads\/imagelinks\/1\/config.json?ver=1688224930\" data-item-id=\"1\" style=\"display:none;\" >\n<div class=\"imgl-store\">\n<div class=\"imgl-pin imgl-pin-1\" data-id=\"1\">\n<div class=\"imgl-pin-data\">\n<\/div>\n<\/div>\n<div class=\"imgl-pin imgl-pin-2\" data-id=\"2\">\n<div class=\"imgl-pin-data\">\n<\/div>\n<\/div>\n<div class=\"imgl-pin imgl-pin-3\" data-id=\"3\">\n<div class=\"imgl-pin-data\">\n<\/div>\n<\/div>\n<div class=\"imgl-tt imgl-tt-1\" data-id=\"1\" >\n<div class=\"highlight\">\n<p><strong>Milos Heuser<\/strong><br \/><em>Facharzt f\u00fcr Allgemeinmedizin<\/em><\/p>\n<p><strong>Lebenslauf\/Vita<br \/><\/strong>geboren 1977 in K\u00f6ln<br \/>verheiratet, 3 Kinder<\/p>\n<p><strong>Ausbildung und Qualifikationen<br \/><\/strong>- 1998 \u2013 2005 Studium der Humanmedizin an der Universit\u00e4t zu K\u00f6ln<br \/>- 2011 Facharzt f\u00fcr Allgemeinmedizin<br \/>- 2015 Hom\u00f6opathie-Diplom (Deutscher\u00a0 Zentralverein hom\u00f6opathischer \u00c4rzte,\u00a0\u00a0 <a href=\"http:\/\/www.dzvhae.de\">www.dzvhae.de<\/a>)<\/p>\n<p><strong>Beruflicher Werdegang<br \/><\/strong>- 2005 \u2013 2008 St. Antonius Krankenhaus, K\u00f6ln, \u00a0 Innere Medizin (Prof. Dr. R. Mies)<br \/>- 2009 Regionalspital Emmental, Langnau im Emmental, Schweiz, Chirurgie, Allgemeinchirurgie, Traumatologie und Orthop\u00e4die (Dr. P. K\u00e4gi, Dr. D. Stoffel)<br \/>- 2010 \u2013 2011 Weiterbildung Allgemeinmedizin Praxis Dr. medic (R) R. Potocsnik, K\u00f6ln<br \/>- 2011 Facharzt f\u00fcr Allgemeinmedizin<br \/>- 2012 \u2013 2013 Anstellung als Facharzt f\u00fcr Allgemeinmedizin im Job-Sharing, Praxis Hans-Joachim L\u00fcmmen, K\u00f6ln<br \/>- seit 2013 Einzelpraxis<\/p>\n<\/div><\/div>\n<div class=\"imgl-tt imgl-tt-2\" data-id=\"2\" >\n<div class=\"highlight\">\n<p><strong>Frau Consuelo Rantze<br \/><\/strong><em>exam. Krankenschwester<\/em><\/p>\n<\/div><\/div>\n<div class=\"imgl-tt imgl-tt-3\" data-id=\"3\" >\n<div class=\"highlight\">\n<p><strong>Frau Regine Frentz<\/strong><br \/><em>exam. Krankenschwester<\/em><\/p>\n<\/div><\/div>\n<\/div>\n<\/div>\n<!-- imagelinks end -->\n<\/code><\/p>\n\n\n<p><\/p>\n","protected":false},"excerpt":{"rendered":"","protected":false},"author":1,"featured_media":0,"parent":0,"menu_order":15,"comment_status":"closed","ping_status":"closed","template":"","meta":{"two_page_speed":[],"footnotes":""},"class_list":["post-35","page","type-page","status-publish","hentry"],"_links":{"self":[{"href":"https:\/\/hausarzt-heuser.de\/koeln\/wp-json\/wp\/v2\/pages\/35","targetHints":{"allow":["GET"]}}],"collection":[{"href":"https:\/\/hausarzt-heuser.de\/koeln\/wp-json\/wp\/v2\/pages"}],"about":[{"href":"https:\/\/hausarzt-heuser.de\/koeln\/wp-json\/wp\/v2\/types\/page"}],"author":[{"embeddable":true,"href":"https:\/\/hausarzt-heuser.de\/koeln\/wp-json\/wp\/v2\/users\/1"}],"replies":[{"embeddable":true,"href":"https:\/\/hausarzt-heuser.de\/koeln\/wp-json\/wp\/v2\/comments?post=35"}],"version-history":[{"count":3,"href":"https:\/\/hausarzt-heuser.de\/koeln\/wp-json\/wp\/v2\/pages\/35\/revisions"}],"predecessor-version":[{"id":330,"href":"https:\/\/hausarzt-heuser.de\/koeln\/wp-json\/wp\/v2\/pages\/35\/revisions\/330"}],"wp:attachment":[{"href":"https:\/\/hausarzt-heuser.de\/koeln\/wp-json\/wp\/v2\/media?parent=35"}],"curies":[{"name":"wp","href":"https:\/\/api.w.org\/{rel}","templated":true}]}}