{"id":166,"date":"2017-01-23T22:54:01","date_gmt":"2017-01-23T21:54:01","guid":{"rendered":"http:\/\/mh.jamul.koeln\/?page_id=166"},"modified":"2026-04-12T11:49:41","modified_gmt":"2026-04-12T10:49:41","slug":"166-2","status":"publish","type":"page","link":"https:\/\/hausarzt-heuser.de\/koeln\/","title":{"rendered":""},"content":{"rendered":"<p><span style=\"color: #97233f;\">Herzlich willkommen auf meiner Website<\/span><\/p>\n<p><strong>Aktuel<\/strong><strong>l <\/strong><\/p>\n<p><strong>Gesundheitsvorsorge 2026 koordinieren<\/strong><\/p>\n<p><strong>Haus\u00e4rztlicher Notdienst 116 117<\/strong><\/p>\n<hr \/>\n<h3><span style=\"color: #97233f;\"><strong>Milos Heuser<\/strong><\/span><br \/>\n<span style=\"color: #739abc;\">Facharzt f\u00fcr Allgemeinmedizin<\/span><br \/>\n<span style=\"color: #97233f;\">Hardtstr. 40<\/span><\/h3>\n<p><span style=\"color: #97233f;\">50939 K\u00f6ln<\/span><br \/>\n<span style=\"color: #97233f;\">Telefon: 0221 \/\u00a041 50 62<\/span><br \/>\n<span style=\"color: #97233f;\">Telefax: 0221 \/\u00a044 85 73<\/span><\/p>\n","protected":false},"excerpt":{"rendered":"<p>Herzlich willkommen auf meiner Website Aktuell Gesundheitsvorsorge 2026 koordinieren Haus\u00e4rztlicher Notdienst 116 117 Milos Heuser Facharzt f\u00fcr Allgemeinmedizin Hardtstr. 40 50939 K\u00f6ln Telefon: 0221 \/\u00a041 50 62 Telefax: 0221 \/\u00a044 85 73<\/p>\n","protected":false},"author":1,"featured_media":0,"parent":0,"menu_order":0,"comment_status":"closed","ping_status":"closed","template":"","meta":{"two_page_speed":[],"footnotes":""},"class_list":["post-166","page","type-page","status-publish","hentry"],"_links":{"self":[{"href":"https:\/\/hausarzt-heuser.de\/koeln\/wp-json\/wp\/v2\/pages\/166","targetHints":{"allow":["GET"]}}],"collection":[{"href":"https:\/\/hausarzt-heuser.de\/koeln\/wp-json\/wp\/v2\/pages"}],"about":[{"href":"https:\/\/hausarzt-heuser.de\/koeln\/wp-json\/wp\/v2\/types\/page"}],"author":[{"embeddable":true,"href":"https:\/\/hausarzt-heuser.de\/koeln\/wp-json\/wp\/v2\/users\/1"}],"replies":[{"embeddable":true,"href":"https:\/\/hausarzt-heuser.de\/koeln\/wp-json\/wp\/v2\/comments?post=166"}],"version-history":[{"count":118,"href":"https:\/\/hausarzt-heuser.de\/koeln\/wp-json\/wp\/v2\/pages\/166\/revisions"}],"predecessor-version":[{"id":544,"href":"https:\/\/hausarzt-heuser.de\/koeln\/wp-json\/wp\/v2\/pages\/166\/revisions\/544"}],"wp:attachment":[{"href":"https:\/\/hausarzt-heuser.de\/koeln\/wp-json\/wp\/v2\/media?parent=166"}],"curies":[{"name":"wp","href":"https:\/\/api.w.org\/{rel}","templated":true}]}}